{"id":1203,"date":"2021-01-25T17:28:56","date_gmt":"2021-01-25T16:28:56","guid":{"rendered":"https:\/\/lopezsoriano.com\/noticias\/"},"modified":"2021-04-12T19:50:58","modified_gmt":"2021-04-12T17:50:58","slug":"noticias","status":"publish","type":"page","link":"https:\/\/lopezsoriano.com\/fr\/noticias\/","title":{"rendered":"INFORMATIONS"},"content":{"rendered":"\n\t<section class=\"section\" id=\"section_1234959201\">\n\t\t<div class=\"section-bg fill\" >\n\t\t\t\t\t\t\t\t\t\n\t\t\t\n\n\t\t<\/div>\n\n\t\t\n\n\t\t<div class=\"section-content relative\">\n\t\t\t\n\t\t<\/div>\n\n\t\t\n<style>\n#section_1234959201 {\n  padding-top: 30px;\n  padding-bottom: 30px;\n}\n<\/style>\n\t<\/section>\n\t\n\n\t<section class=\"section has-mask mask-angled-right-large\" id=\"section_1184024476\">\n\t\t<div class=\"section-bg fill\" >\n\t\t\t<img loading=\"lazy\" decoding=\"async\" width=\"2000\" height=\"159\" src=\"https:\/\/lopezsoriano.com\/cms\/wp-content\/uploads\/BannerGLS.png\" class=\"bg attachment-original size-original\" alt=\"\" \/>\t\t\t\t\t\t\n\t\t\t\n\n\t\t<\/div>\n\n\t\t\n\n\t\t<div class=\"section-content relative\">\n\t\t\t\n  <div id=\"page-header-1644987768\" class=\"page-header-wrapper\">\n  <div class=\"page-title dark featured-title has-parallax\">\n\n        <div class=\"page-title-bg\">\n      <div class=\"title-bg fill bg-fill\"\n        data-parallax-container=\".page-title\"\n        data-parallax-background\n        data-parallax=\"-1\">\n      <\/div>\n      <div class=\"title-overlay fill\"><\/div>\n    <\/div>\n    \n    <div class=\"page-title-inner container align-center text-center flex-row-col medium-flex-wrap\" >\n              <div class=\"title-wrapper uppercase is-xxlarge flex-col\">\n          <h1 class=\"entry-title mb-0\">\n            INFORMATIONS          <\/h1>\n        <\/div>\n                    <div class=\"title-content flex-col\">\n        <ul class=\"nav sm-touch-scroll nav-line nav-uppercase text-center nav-center\"><li class=\"nav-single-page hidden\"><\/li><\/ul>      <\/div>\n    <\/div>\n\n     \n<style>\n#page-header-1644987768 .page-title-inner {\n  min-height: 157px;\n}\n#page-header-1644987768 {\n  margin-bottom: 44px;\n}\n#page-header-1644987768 .title-bg {\n  background-image: url(https:\/\/lopezsoriano.com\/cms\/wp-content\/uploads\/Noticias.jpg);\n  background-position: 74% 8%;\n}\n#page-header-1644987768 .title-overlay {\n  background-color: rgba(0, 0, 0, 0.42);\n}\n#page-header-1644987768 .featured-title {\n  background-color: rgb(15, 64, 117);\n}\n@media (min-width:550px) {\n  #page-header-1644987768 .page-title-inner {\n    min-height: 176px;\n  }\n  #page-header-1644987768 {\n    margin-bottom: 54px;\n  }\n}\n@media (min-width:850px) {\n  #page-header-1644987768 .page-title-inner {\n    min-height: 200px;\n  }\n  #page-header-1644987768 {\n    margin-bottom: 33px;\n  }\n}\n<\/style>\n  <\/div>\n    <\/div>\n  \n\t\t<\/div>\n\n\t\t\n<style>\n#section_1184024476 {\n  padding-top: 0px;\n  padding-bottom: 0px;\n  background-color: rgb(15, 64, 117);\n}\n#section_1184024476 .section-bg img {\n  object-position: 16% 65%;\n}\n<\/style>\n\t<\/section>\n\t\n\n\t<section class=\"section\" id=\"section_2112118411\">\n\t\t<div class=\"section-bg fill\" >\n\t\t\t\t\t\t\t\t\t\n\t\t\t\n\n\t\t<\/div>\n\n\t\t\n\n\t\t<div class=\"section-content relative\">\n\t\t\t\n<div class=\"row\"  id=\"row-843700066\">\n\n\t<div id=\"col-1570104464\" class=\"col small-12 large-12\"  >\n\t\t\t\t<div class=\"col-inner\"  >\n\t\t\t\n\t\t\t\n\n  \n    <div class=\"row large-columns-2 medium-columns-1 small-columns-1 has-shadow row-box-shadow-2 row-box-shadow-3-hover\" >\n  <div class=\"col post-item\" >\n\t\t\t<div class=\"col-inner\">\n\t\t\t\t<div class=\"box box-normal box-text-bottom box-blog-post has-hover\">\n            \t\t\t\t\t<div class=\"box-image\" >\n  \t\t\t\t\t\t<div class=\"image-cover\" style=\"padding-top:56.25%;\">\n\t\t\t\t\t\t\t<a href=\"https:\/\/lopezsoriano.com\/fr\/congres-fer-2025\/\" class=\"plain\" aria-label=\"CONGRES FER 2025\">\n\t\t\t\t\t\t\t\t<img loading=\"lazy\" decoding=\"async\" width=\"361\" height=\"400\" src=\"https:\/\/lopezsoriano.com\/cms\/wp-content\/uploads\/1a518a8d-74be-4f33-a955-a34e13e71ea9-2-361x400.jpg\" class=\"attachment-medium size-medium wp-post-image\" alt=\"\" srcset=\"https:\/\/lopezsoriano.com\/cms\/wp-content\/uploads\/1a518a8d-74be-4f33-a955-a34e13e71ea9-2-361x400.jpg 361w, https:\/\/lopezsoriano.com\/cms\/wp-content\/uploads\/1a518a8d-74be-4f33-a955-a34e13e71ea9-2-722x800.jpg 722w, https:\/\/lopezsoriano.com\/cms\/wp-content\/uploads\/1a518a8d-74be-4f33-a955-a34e13e71ea9-2-768x851.jpg 768w, https:\/\/lopezsoriano.com\/cms\/wp-content\/uploads\/1a518a8d-74be-4f33-a955-a34e13e71ea9-2.jpg 1152w\" sizes=\"auto, (max-width: 361px) 100vw, 361px\" \/>\t\t\t\t\t\t\t<\/a>\n  \t\t\t\t\t\t\t  \t\t\t\t\t\t\t  \t\t\t\t\t\t<\/div>\n  \t\t\t\t\t\t  \t\t\t\t\t<\/div>\n          \t\t\t\t\t<div class=\"box-text text-center\" >\n\t\t\t\t\t<div class=\"box-text-inner blog-post-inner\">\n\n\t\t\t\t\t\n\t\t\t\t\t\t\t\t\t\t<h5 class=\"post-title is-large uppercase\">\n\t\t\t\t\t\t<a href=\"https:\/\/lopezsoriano.com\/fr\/congres-fer-2025\/\" class=\"plain\">CONGRES FER 2025<\/a>\n\t\t\t\t\t<\/h5>\n\t\t\t\t\t<div class=\"post-meta is-small op-8\">05\/07\/2025<\/div>\t\t\t\t\t<div class=\"is-divider\"><\/div>\n\t\t\t\t\t\t\t\t\t\t<p class=\"from_the_blog_excerpt \">\n\t\t\t\t\t\tCette ann\u00e9e 2025, nous avons \u00e9t\u00e9 exposants au 22\u00e8me Congr\u00e8s National de la R\u00e9cup\u00e9ration et du Recyclage qui s&rsquo;est tenu \u00e0 Punta [...]\t\t\t\t\t<\/p>\n\t\t\t\t\t                    \n\t\t\t\t\t\n\t\t\t\t\t\n\t\t\t\t\t<\/div>\n\t\t\t\t\t<\/div>\n\t\t\t\t\t\t\t\t\t<\/div>\n\t\t\t<\/div>\n\t\t<\/div><div class=\"col post-item\" >\n\t\t\t<div class=\"col-inner\">\n\t\t\t\t<div class=\"box box-normal box-text-bottom box-blog-post has-hover\">\n            \t\t\t\t\t<div class=\"box-image\" >\n  \t\t\t\t\t\t<div class=\"image-cover\" style=\"padding-top:56.25%;\">\n\t\t\t\t\t\t\t<a href=\"https:\/\/lopezsoriano.com\/fr\/exposition-50e-anniversaire-de-la-chambre-de-commerce-de-zaragoza\/\" class=\"plain\" aria-label=\"EXPOSITION 50E ANNIVERSAIRE DE LA CHAMBRE DE COMMERCE DE ZARAGOZA\">\n\t\t\t\t\t\t\t\t<img loading=\"lazy\" decoding=\"async\" width=\"300\" height=\"400\" src=\"https:\/\/lopezsoriano.com\/cms\/wp-content\/uploads\/IMG_2764-300x400.jpg\" class=\"attachment-medium size-medium wp-post-image\" alt=\"\" srcset=\"https:\/\/lopezsoriano.com\/cms\/wp-content\/uploads\/IMG_2764-300x400.jpg 300w, https:\/\/lopezsoriano.com\/cms\/wp-content\/uploads\/IMG_2764-600x800.jpg 600w, https:\/\/lopezsoriano.com\/cms\/wp-content\/uploads\/IMG_2764-768x1024.jpg 768w, https:\/\/lopezsoriano.com\/cms\/wp-content\/uploads\/IMG_2764-1152x1536.jpg 1152w, https:\/\/lopezsoriano.com\/cms\/wp-content\/uploads\/IMG_2764-1536x2048.jpg 1536w, https:\/\/lopezsoriano.com\/cms\/wp-content\/uploads\/IMG_2764-scaled.jpg 1920w\" sizes=\"auto, (max-width: 300px) 100vw, 300px\" \/>\t\t\t\t\t\t\t<\/a>\n  \t\t\t\t\t\t\t  \t\t\t\t\t\t\t  \t\t\t\t\t\t<\/div>\n  \t\t\t\t\t\t  \t\t\t\t\t<\/div>\n          \t\t\t\t\t<div class=\"box-text text-center\" >\n\t\t\t\t\t<div class=\"box-text-inner blog-post-inner\">\n\n\t\t\t\t\t\n\t\t\t\t\t\t\t\t\t\t<h5 class=\"post-title is-large uppercase\">\n\t\t\t\t\t\t<a href=\"https:\/\/lopezsoriano.com\/fr\/exposition-50e-anniversaire-de-la-chambre-de-commerce-de-zaragoza\/\" class=\"plain\">EXPOSITION 50E ANNIVERSAIRE DE LA CHAMBRE DE COMMERCE DE ZARAGOZA<\/a>\n\t\t\t\t\t<\/h5>\n\t\t\t\t\t<div class=\"post-meta is-small op-8\">08\/10\/2024<\/div>\t\t\t\t\t<div class=\"is-divider\"><\/div>\n\t\t\t\t\t\t\t\t\t\t<p class=\"from_the_blog_excerpt \">\n\t\t\t\t\t\tHier, 7 octobre 2024, l&rsquo;exposition du 50e anniversaire de L\u00f3pez Soriano a \u00e9t\u00e9 inaugur\u00e9e dans le hall de la Chambre de commerce [...]\t\t\t\t\t<\/p>\n\t\t\t\t\t                    \n\t\t\t\t\t\n\t\t\t\t\t\n\t\t\t\t\t<\/div>\n\t\t\t\t\t<\/div>\n\t\t\t\t\t\t\t\t\t<\/div>\n\t\t\t<\/div>\n\t\t<\/div><div class=\"col post-item\" >\n\t\t\t<div class=\"col-inner\">\n\t\t\t\t<div class=\"box box-normal box-text-bottom box-blog-post has-hover\">\n            \t\t\t\t\t<div class=\"box-image\" >\n  \t\t\t\t\t\t<div class=\"image-cover\" style=\"padding-top:56.25%;\">\n\t\t\t\t\t\t\t<a href=\"https:\/\/lopezsoriano.com\/fr\/journee-familiale-au-parc-dattractions\/\" class=\"plain\" aria-label=\"JOURN\u00c9E FAMILIALE AU PARC D&rsquo;ATTRACTIONS\">\n\t\t\t\t\t\t\t\t<img loading=\"lazy\" decoding=\"async\" width=\"600\" height=\"400\" src=\"https:\/\/lopezsoriano.com\/cms\/wp-content\/uploads\/50-LOPEZ-SORIANO-Avance-17-600x400.jpg\" class=\"attachment-medium size-medium wp-post-image\" alt=\"\" srcset=\"https:\/\/lopezsoriano.com\/cms\/wp-content\/uploads\/50-LOPEZ-SORIANO-Avance-17-600x400.jpg 600w, https:\/\/lopezsoriano.com\/cms\/wp-content\/uploads\/50-LOPEZ-SORIANO-Avance-17-768x512.jpg 768w, https:\/\/lopezsoriano.com\/cms\/wp-content\/uploads\/50-LOPEZ-SORIANO-Avance-17.jpg 1200w\" sizes=\"auto, (max-width: 600px) 100vw, 600px\" \/>\t\t\t\t\t\t\t<\/a>\n  \t\t\t\t\t\t\t  \t\t\t\t\t\t\t  \t\t\t\t\t\t<\/div>\n  \t\t\t\t\t\t  \t\t\t\t\t<\/div>\n          \t\t\t\t\t<div class=\"box-text text-center\" >\n\t\t\t\t\t<div class=\"box-text-inner blog-post-inner\">\n\n\t\t\t\t\t\n\t\t\t\t\t\t\t\t\t\t<h5 class=\"post-title is-large uppercase\">\n\t\t\t\t\t\t<a href=\"https:\/\/lopezsoriano.com\/fr\/journee-familiale-au-parc-dattractions\/\" class=\"plain\">JOURN\u00c9E FAMILIALE AU PARC D&rsquo;ATTRACTIONS<\/a>\n\t\t\t\t\t<\/h5>\n\t\t\t\t\t<div class=\"post-meta is-small op-8\">03\/06\/2024<\/div>\t\t\t\t\t<div class=\"is-divider\"><\/div>\n\t\t\t\t\t\t\t\t\t\t<p class=\"from_the_blog_excerpt \">\n\t\t\t\t\t\tSamedi dernier, le 1er juin, Industrias L\u00f3pez Soriano a c\u00e9l\u00e9br\u00e9 son 50e anniversaire avec tous les travailleurs et leurs familles au Parque [...]\t\t\t\t\t<\/p>\n\t\t\t\t\t                    \n\t\t\t\t\t\n\t\t\t\t\t\n\t\t\t\t\t<\/div>\n\t\t\t\t\t<\/div>\n\t\t\t\t\t\t\t\t\t<\/div>\n\t\t\t<\/div>\n\t\t<\/div><div class=\"col post-item\" >\n\t\t\t<div class=\"col-inner\">\n\t\t\t\t<div class=\"box box-normal box-text-bottom box-blog-post has-hover\">\n            \t\t\t\t\t<div class=\"box-image\" >\n  \t\t\t\t\t\t<div class=\"image-cover\" style=\"padding-top:56.25%;\">\n\t\t\t\t\t\t\t<a href=\"https:\/\/lopezsoriano.com\/fr\/industrias-lopez-soriano-une-reference-en-matiere-de-leadership-feminin-dans-le-secteur-industriel\/\" class=\"plain\" aria-label=\"Industrias L\u00f3pez Soriano, une r\u00e9f\u00e9rence en mati\u00e8re de leadership f\u00e9minin dans le secteur industriel\">\n\t\t\t\t\t\t\t\t<img loading=\"lazy\" decoding=\"async\" width=\"400\" height=\"400\" src=\"https:\/\/lopezsoriano.com\/cms\/wp-content\/uploads\/1-400x400.jpg\" class=\"attachment-medium size-medium wp-post-image\" alt=\"\" srcset=\"https:\/\/lopezsoriano.com\/cms\/wp-content\/uploads\/1-400x400.jpg 400w, https:\/\/lopezsoriano.com\/cms\/wp-content\/uploads\/1-800x800.jpg 800w, https:\/\/lopezsoriano.com\/cms\/wp-content\/uploads\/1-280x280.jpg 280w, https:\/\/lopezsoriano.com\/cms\/wp-content\/uploads\/1-768x768.jpg 768w, https:\/\/lopezsoriano.com\/cms\/wp-content\/uploads\/1.jpg 1080w\" sizes=\"auto, (max-width: 400px) 100vw, 400px\" \/>\t\t\t\t\t\t\t<\/a>\n  \t\t\t\t\t\t\t  \t\t\t\t\t\t\t  \t\t\t\t\t\t<\/div>\n  \t\t\t\t\t\t  \t\t\t\t\t<\/div>\n          \t\t\t\t\t<div class=\"box-text text-center\" >\n\t\t\t\t\t<div class=\"box-text-inner blog-post-inner\">\n\n\t\t\t\t\t\n\t\t\t\t\t\t\t\t\t\t<h5 class=\"post-title is-large uppercase\">\n\t\t\t\t\t\t<a href=\"https:\/\/lopezsoriano.com\/fr\/industrias-lopez-soriano-une-reference-en-matiere-de-leadership-feminin-dans-le-secteur-industriel\/\" class=\"plain\">Industrias L\u00f3pez Soriano, une r\u00e9f\u00e9rence en mati\u00e8re de leadership f\u00e9minin dans le secteur industriel<\/a>\n\t\t\t\t\t<\/h5>\n\t\t\t\t\t<div class=\"post-meta is-small op-8\">08\/03\/2022<\/div>\t\t\t\t\t<div class=\"is-divider\"><\/div>\n\t\t\t\t\t\t\t\t\t\t<p class=\"from_the_blog_excerpt \">\n\t\t\t\t\t\tLes femmes repr\u00e9sentent 60 % des postes de direction du groupe d&rsquo;entreprises aragonais. Avec 50 ans d&rsquo;exp\u00e9rience dans la gestion et le [...]\t\t\t\t\t<\/p>\n\t\t\t\t\t                    \n\t\t\t\t\t\n\t\t\t\t\t\n\t\t\t\t\t<\/div>\n\t\t\t\t\t<\/div>\n\t\t\t\t\t\t\t\t\t<\/div>\n\t\t\t<\/div>\n\t\t<\/div><div class=\"col post-item\" >\n\t\t\t<div class=\"col-inner\">\n\t\t\t\t<div class=\"box box-normal box-text-bottom box-blog-post has-hover\">\n            \t\t\t\t\t<div class=\"box-image\" >\n  \t\t\t\t\t\t<div class=\"image-cover\" style=\"padding-top:56.25%;\">\n\t\t\t\t\t\t\t<a href=\"https:\/\/lopezsoriano.com\/fr\/lopez-soriano-sponsorise-le-cosmos-aragon\/\" class=\"plain\" aria-label=\"LOPEZ SORIANO SPONSORISE LE COSMOS ARAGON\">\n\t\t\t\t\t\t\t\t<img loading=\"lazy\" decoding=\"async\" width=\"533\" height=\"400\" src=\"https:\/\/lopezsoriano.com\/cms\/wp-content\/uploads\/Equipos-Cosmos-Aragon-533x400.jpg\" class=\"attachment-medium size-medium wp-post-image\" alt=\"Equipo Cosmos Arag\u00f3n\" srcset=\"https:\/\/lopezsoriano.com\/cms\/wp-content\/uploads\/Equipos-Cosmos-Aragon-533x400.jpg 533w, https:\/\/lopezsoriano.com\/cms\/wp-content\/uploads\/Equipos-Cosmos-Aragon-768x576.jpg 768w, https:\/\/lopezsoriano.com\/cms\/wp-content\/uploads\/Equipos-Cosmos-Aragon.jpg 1024w\" sizes=\"auto, (max-width: 533px) 100vw, 533px\" \/>\t\t\t\t\t\t\t<\/a>\n  \t\t\t\t\t\t\t  \t\t\t\t\t\t\t  \t\t\t\t\t\t<\/div>\n  \t\t\t\t\t\t  \t\t\t\t\t<\/div>\n          \t\t\t\t\t<div class=\"box-text text-center\" >\n\t\t\t\t\t<div class=\"box-text-inner blog-post-inner\">\n\n\t\t\t\t\t\n\t\t\t\t\t\t\t\t\t\t<h5 class=\"post-title is-large uppercase\">\n\t\t\t\t\t\t<a href=\"https:\/\/lopezsoriano.com\/fr\/lopez-soriano-sponsorise-le-cosmos-aragon\/\" class=\"plain\">LOPEZ SORIANO SPONSORISE LE COSMOS ARAGON<\/a>\n\t\t\t\t\t<\/h5>\n\t\t\t\t\t<div class=\"post-meta is-small op-8\">09\/09\/2021<\/div>\t\t\t\t\t<div class=\"is-divider\"><\/div>\n\t\t\t\t\t\t\t\t\t\t<p class=\"from_the_blog_excerpt \">\n\t\t\t\t\t\tNous sommes tr\u00e8s heureux de pouvoir vous en parler ! L\u00f3pez Soriano est le premier sponsor officiel du Cosmos Arag\u00f3n, un nouveau [...]\t\t\t\t\t<\/p>\n\t\t\t\t\t                    \n\t\t\t\t\t\n\t\t\t\t\t\n\t\t\t\t\t<\/div>\n\t\t\t\t\t<\/div>\n\t\t\t\t\t\t\t\t\t<\/div>\n\t\t\t<\/div>\n\t\t<\/div><div class=\"col post-item\" >\n\t\t\t<div class=\"col-inner\">\n\t\t\t\t<div class=\"box box-normal box-text-bottom box-blog-post has-hover\">\n            \t\t\t\t\t<div class=\"box-image\" >\n  \t\t\t\t\t\t<div class=\"image-cover\" style=\"padding-top:56.25%;\">\n\t\t\t\t\t\t\t<a href=\"https:\/\/lopezsoriano.com\/fr\/maria-lopez-nouvelle-presidente-darame\/\" class=\"plain\" aria-label=\"MARIA LOPEZ NOUVELLE PR\u00c9SIDENTE D&rsquo;ARAME\">\n\t\t\t\t\t\t\t\t<img loading=\"lazy\" decoding=\"async\" width=\"711\" height=\"400\" src=\"https:\/\/lopezsoriano.com\/cms\/wp-content\/uploads\/Maria-ARAME-711x400.jpg\" class=\"attachment-medium size-medium wp-post-image\" alt=\"xex\" srcset=\"https:\/\/lopezsoriano.com\/cms\/wp-content\/uploads\/Maria-ARAME-711x400.jpg 711w, https:\/\/lopezsoriano.com\/cms\/wp-content\/uploads\/Maria-ARAME-768x432.jpg 768w, https:\/\/lopezsoriano.com\/cms\/wp-content\/uploads\/Maria-ARAME.jpg 880w\" sizes=\"auto, (max-width: 711px) 100vw, 711px\" \/>\t\t\t\t\t\t\t<\/a>\n  \t\t\t\t\t\t\t  \t\t\t\t\t\t\t  \t\t\t\t\t\t<\/div>\n  \t\t\t\t\t\t  \t\t\t\t\t<\/div>\n          \t\t\t\t\t<div class=\"box-text text-center\" >\n\t\t\t\t\t<div class=\"box-text-inner blog-post-inner\">\n\n\t\t\t\t\t\n\t\t\t\t\t\t\t\t\t\t<h5 class=\"post-title is-large uppercase\">\n\t\t\t\t\t\t<a href=\"https:\/\/lopezsoriano.com\/fr\/maria-lopez-nouvelle-presidente-darame\/\" class=\"plain\">MARIA LOPEZ NOUVELLE PR\u00c9SIDENTE D&rsquo;ARAME<\/a>\n\t\t\t\t\t<\/h5>\n\t\t\t\t\t<div class=\"post-meta is-small op-8\">01\/07\/2021<\/div>\t\t\t\t\t<div class=\"is-divider\"><\/div>\n\t\t\t\t\t\t\t\t\t\t<p class=\"from_the_blog_excerpt \">\n\t\t\t\t\t\tElle remplace M\u00aa Jes\u00fas Lorente \u00e0 la t\u00eate de l&rsquo;association des femmes chefs d&rsquo;entreprise. L&rsquo;Association aragonaise des femmes chefs d&rsquo;entreprise (Arame) a [...]\t\t\t\t\t<\/p>\n\t\t\t\t\t                    \n\t\t\t\t\t\n\t\t\t\t\t\n\t\t\t\t\t<\/div>\n\t\t\t\t\t<\/div>\n\t\t\t\t\t\t\t\t\t<\/div>\n\t\t\t<\/div>\n\t\t<\/div><div class=\"col post-item\" >\n\t\t\t<div class=\"col-inner\">\n\t\t\t\t<div class=\"box box-normal box-text-bottom box-blog-post has-hover\">\n            \t\t\t\t\t<div class=\"box-image\" >\n  \t\t\t\t\t\t<div class=\"image-cover\" style=\"padding-top:56.25%;\">\n\t\t\t\t\t\t\t<a href=\"https:\/\/lopezsoriano.com\/fr\/le-lien-qui-rend-leconomie-circulaire-possible\/\" class=\"plain\" aria-label=\"LE LIEN QUI REND L&rsquo;\u00c9CONOMIE CIRCULAIRE POSSIBLE\">\n\t\t\t\t\t\t\t\t<img loading=\"lazy\" decoding=\"async\" width=\"585\" height=\"400\" src=\"https:\/\/lopezsoriano.com\/cms\/wp-content\/uploads\/POTENCIA-03-585x400.jpg\" class=\"attachment-medium size-medium wp-post-image\" alt=\"La entidad ofrece a las empresas un servicio integral en la gesti\u00f3n de sus residuos.\" srcset=\"https:\/\/lopezsoriano.com\/cms\/wp-content\/uploads\/POTENCIA-03-585x400.jpg 585w, https:\/\/lopezsoriano.com\/cms\/wp-content\/uploads\/POTENCIA-03-1169x800.jpg 1169w, https:\/\/lopezsoriano.com\/cms\/wp-content\/uploads\/POTENCIA-03-768x525.jpg 768w, https:\/\/lopezsoriano.com\/cms\/wp-content\/uploads\/POTENCIA-03-600x411.jpg 600w, https:\/\/lopezsoriano.com\/cms\/wp-content\/uploads\/POTENCIA-03.jpg 1200w\" sizes=\"auto, (max-width: 585px) 100vw, 585px\" \/>\t\t\t\t\t\t\t<\/a>\n  \t\t\t\t\t\t\t  \t\t\t\t\t\t\t  \t\t\t\t\t\t<\/div>\n  \t\t\t\t\t\t  \t\t\t\t\t<\/div>\n          \t\t\t\t\t<div class=\"box-text text-center\" >\n\t\t\t\t\t<div class=\"box-text-inner blog-post-inner\">\n\n\t\t\t\t\t\n\t\t\t\t\t\t\t\t\t\t<h5 class=\"post-title is-large uppercase\">\n\t\t\t\t\t\t<a href=\"https:\/\/lopezsoriano.com\/fr\/le-lien-qui-rend-leconomie-circulaire-possible\/\" class=\"plain\">LE LIEN QUI REND L&rsquo;\u00c9CONOMIE CIRCULAIRE POSSIBLE<\/a>\n\t\t\t\t\t<\/h5>\n\t\t\t\t\t<div class=\"post-meta is-small op-8\">07\/06\/2021<\/div>\t\t\t\t\t<div class=\"is-divider\"><\/div>\n\t\t\t\t\t\t\t\t\t\t<p class=\"from_the_blog_excerpt \">\n\t\t\t\t\t\tForte de sept d\u00e9cennies d&rsquo;exp\u00e9rience dans les activit\u00e9s industrielles li\u00e9es au secteur environnemental, Industrias L\u00f3pez Soriano (ILSSA) est une entreprise leader et [...]\t\t\t\t\t<\/p>\n\t\t\t\t\t                    \n\t\t\t\t\t\n\t\t\t\t\t\n\t\t\t\t\t<\/div>\n\t\t\t\t\t<\/div>\n\t\t\t\t\t\t\t\t\t<\/div>\n\t\t\t<\/div>\n\t\t<\/div><div class=\"col post-item\" >\n\t\t\t<div class=\"col-inner\">\n\t\t\t\t<div class=\"box box-normal box-text-bottom box-blog-post has-hover\">\n            \t\t\t\t\t<div class=\"box-image\" >\n  \t\t\t\t\t\t<div class=\"image-cover\" style=\"padding-top:56.25%;\">\n\t\t\t\t\t\t\t<a href=\"https:\/\/lopezsoriano.com\/fr\/nous-recyclons-notre-image-nous-maintenons-nos-valeurs\/\" class=\"plain\" aria-label=\"NOUS RECYCLONS NOTRE IMAGE, NOUS MAINTENONS NOS VALEURS\">\n\t\t\t\t\t\t\t\t<img loading=\"lazy\" decoding=\"async\" width=\"532\" height=\"400\" src=\"https:\/\/lopezsoriano.com\/cms\/wp-content\/uploads\/Nueva-imagen-Lopez-Soriano-2-532x400.jpg\" class=\"attachment-medium size-medium wp-post-image\" alt=\"\" srcset=\"https:\/\/lopezsoriano.com\/cms\/wp-content\/uploads\/Nueva-imagen-Lopez-Soriano-2-532x400.jpg 532w, https:\/\/lopezsoriano.com\/cms\/wp-content\/uploads\/Nueva-imagen-Lopez-Soriano-2-1065x800.jpg 1065w, https:\/\/lopezsoriano.com\/cms\/wp-content\/uploads\/Nueva-imagen-Lopez-Soriano-2-768x577.jpg 768w, https:\/\/lopezsoriano.com\/cms\/wp-content\/uploads\/Nueva-imagen-Lopez-Soriano-2-1536x1154.jpg 1536w, https:\/\/lopezsoriano.com\/cms\/wp-content\/uploads\/Nueva-imagen-Lopez-Soriano-2.jpg 1600w\" sizes=\"auto, (max-width: 532px) 100vw, 532px\" \/>\t\t\t\t\t\t\t<\/a>\n  \t\t\t\t\t\t\t  \t\t\t\t\t\t\t  \t\t\t\t\t\t<\/div>\n  \t\t\t\t\t\t  \t\t\t\t\t<\/div>\n          \t\t\t\t\t<div class=\"box-text text-center\" >\n\t\t\t\t\t<div class=\"box-text-inner blog-post-inner\">\n\n\t\t\t\t\t\n\t\t\t\t\t\t\t\t\t\t<h5 class=\"post-title is-large uppercase\">\n\t\t\t\t\t\t<a href=\"https:\/\/lopezsoriano.com\/fr\/nous-recyclons-notre-image-nous-maintenons-nos-valeurs\/\" class=\"plain\">NOUS RECYCLONS NOTRE IMAGE, NOUS MAINTENONS NOS VALEURS<\/a>\n\t\t\t\t\t<\/h5>\n\t\t\t\t\t<div class=\"post-meta is-small op-8\">17\/05\/2021<\/div>\t\t\t\t\t<div class=\"is-divider\"><\/div>\n\t\t\t\t\t\t\t\t\t\t<p class=\"from_the_blog_excerpt \">\n\t\t\t\t\t\tSous cette devise, L\u00f3pez Soriano veut faire conna\u00eetre sa nouvelle identit\u00e9 graphique . Une nouvelle image d&rsquo;entreprise, plus moderne et actuelle, en [...]\t\t\t\t\t<\/p>\n\t\t\t\t\t                    \n\t\t\t\t\t\n\t\t\t\t\t\n\t\t\t\t\t<\/div>\n\t\t\t\t\t<\/div>\n\t\t\t\t\t\t\t\t\t<\/div>\n\t\t\t<\/div>\n\t\t<\/div><\/div>\n\t\t<\/div>\n\t\t\t\t\t<\/div>\n\n\t\n<\/div>\n\t\t<\/div>\n\n\t\t\n<style>\n#section_2112118411 {\n  padding-top: 30px;\n  padding-bottom: 30px;\n}\n<\/style>\n\t<\/section>\n\t\n","protected":false},"excerpt":{"rendered":"","protected":false},"author":1,"featured_media":0,"parent":0,"menu_order":0,"comment_status":"closed","ping_status":"closed","template":"page-blank.php","meta":{"footnotes":""},"class_list":["post-1203","page","type-page","status-publish","hentry"],"yoast_head":"<!-- This site is optimized with the Yoast SEO plugin v27.4 - https:\/\/yoast.com\/product\/yoast-seo-wordpress\/ -->\n<title>INFORMATIONS - L\u00f3pez Soriano<\/title>\n<meta name=\"robots\" content=\"index, follow, max-snippet:-1, max-image-preview:large, max-video-preview:-1\" \/>\n<link rel=\"canonical\" href=\"https:\/\/lopezsoriano.com\/fr\/noticias\/\" \/>\n<meta property=\"og:locale\" content=\"fr_FR\" \/>\n<meta property=\"og:type\" content=\"article\" \/>\n<meta property=\"og:title\" content=\"INFORMATIONS - L\u00f3pez Soriano\" \/>\n<meta property=\"og:url\" content=\"https:\/\/lopezsoriano.com\/fr\/noticias\/\" \/>\n<meta property=\"og:site_name\" content=\"L\u00f3pez Soriano\" \/>\n<meta property=\"article:modified_time\" content=\"2021-04-12T17:50:58+00:00\" \/>\n<meta name=\"twitter:card\" content=\"summary_large_image\" \/>\n<script type=\"application\/ld+json\" class=\"yoast-schema-graph\">{\"@context\":\"https:\\\/\\\/schema.org\",\"@graph\":[{\"@type\":\"WebPage\",\"@id\":\"https:\\\/\\\/lopezsoriano.com\\\/fr\\\/noticias\\\/\",\"url\":\"https:\\\/\\\/lopezsoriano.com\\\/fr\\\/noticias\\\/\",\"name\":\"INFORMATIONS - L\u00f3pez Soriano\",\"isPartOf\":{\"@id\":\"https:\\\/\\\/lopezsoriano.com\\\/#website\"},\"datePublished\":\"2021-01-25T16:28:56+00:00\",\"dateModified\":\"2021-04-12T17:50:58+00:00\",\"breadcrumb\":{\"@id\":\"https:\\\/\\\/lopezsoriano.com\\\/fr\\\/noticias\\\/#breadcrumb\"},\"inLanguage\":\"fr-FR\",\"potentialAction\":[{\"@type\":\"ReadAction\",\"target\":[\"https:\\\/\\\/lopezsoriano.com\\\/fr\\\/noticias\\\/\"]}]},{\"@type\":\"BreadcrumbList\",\"@id\":\"https:\\\/\\\/lopezsoriano.com\\\/fr\\\/noticias\\\/#breadcrumb\",\"itemListElement\":[{\"@type\":\"ListItem\",\"position\":1,\"name\":\"Portada\",\"item\":\"https:\\\/\\\/lopezsoriano.com\\\/fr\\\/\"},{\"@type\":\"ListItem\",\"position\":2,\"name\":\"INFORMATIONS\"}]},{\"@type\":\"WebSite\",\"@id\":\"https:\\\/\\\/lopezsoriano.com\\\/#website\",\"url\":\"https:\\\/\\\/lopezsoriano.com\\\/\",\"name\":\"L\u00f3pez Soriano\",\"description\":\"\",\"potentialAction\":[{\"@type\":\"SearchAction\",\"target\":{\"@type\":\"EntryPoint\",\"urlTemplate\":\"https:\\\/\\\/lopezsoriano.com\\\/?s={search_term_string}\"},\"query-input\":{\"@type\":\"PropertyValueSpecification\",\"valueRequired\":true,\"valueName\":\"search_term_string\"}}],\"inLanguage\":\"fr-FR\"}]}<\/script>\n<!-- \/ Yoast SEO plugin. -->","yoast_head_json":{"title":"INFORMATIONS - L\u00f3pez Soriano","robots":{"index":"index","follow":"follow","max-snippet":"max-snippet:-1","max-image-preview":"max-image-preview:large","max-video-preview":"max-video-preview:-1"},"canonical":"https:\/\/lopezsoriano.com\/fr\/noticias\/","og_locale":"fr_FR","og_type":"article","og_title":"INFORMATIONS - L\u00f3pez Soriano","og_url":"https:\/\/lopezsoriano.com\/fr\/noticias\/","og_site_name":"L\u00f3pez Soriano","article_modified_time":"2021-04-12T17:50:58+00:00","twitter_card":"summary_large_image","schema":{"@context":"https:\/\/schema.org","@graph":[{"@type":"WebPage","@id":"https:\/\/lopezsoriano.com\/fr\/noticias\/","url":"https:\/\/lopezsoriano.com\/fr\/noticias\/","name":"INFORMATIONS - L\u00f3pez Soriano","isPartOf":{"@id":"https:\/\/lopezsoriano.com\/#website"},"datePublished":"2021-01-25T16:28:56+00:00","dateModified":"2021-04-12T17:50:58+00:00","breadcrumb":{"@id":"https:\/\/lopezsoriano.com\/fr\/noticias\/#breadcrumb"},"inLanguage":"fr-FR","potentialAction":[{"@type":"ReadAction","target":["https:\/\/lopezsoriano.com\/fr\/noticias\/"]}]},{"@type":"BreadcrumbList","@id":"https:\/\/lopezsoriano.com\/fr\/noticias\/#breadcrumb","itemListElement":[{"@type":"ListItem","position":1,"name":"Portada","item":"https:\/\/lopezsoriano.com\/fr\/"},{"@type":"ListItem","position":2,"name":"INFORMATIONS"}]},{"@type":"WebSite","@id":"https:\/\/lopezsoriano.com\/#website","url":"https:\/\/lopezsoriano.com\/","name":"L\u00f3pez Soriano","description":"","potentialAction":[{"@type":"SearchAction","target":{"@type":"EntryPoint","urlTemplate":"https:\/\/lopezsoriano.com\/?s={search_term_string}"},"query-input":{"@type":"PropertyValueSpecification","valueRequired":true,"valueName":"search_term_string"}}],"inLanguage":"fr-FR"}]}},"_links":{"self":[{"href":"https:\/\/lopezsoriano.com\/fr\/wp-json\/wp\/v2\/pages\/1203","targetHints":{"allow":["GET"]}}],"collection":[{"href":"https:\/\/lopezsoriano.com\/fr\/wp-json\/wp\/v2\/pages"}],"about":[{"href":"https:\/\/lopezsoriano.com\/fr\/wp-json\/wp\/v2\/types\/page"}],"author":[{"embeddable":true,"href":"https:\/\/lopezsoriano.com\/fr\/wp-json\/wp\/v2\/users\/1"}],"replies":[{"embeddable":true,"href":"https:\/\/lopezsoriano.com\/fr\/wp-json\/wp\/v2\/comments?post=1203"}],"version-history":[{"count":4,"href":"https:\/\/lopezsoriano.com\/fr\/wp-json\/wp\/v2\/pages\/1203\/revisions"}],"predecessor-version":[{"id":1207,"href":"https:\/\/lopezsoriano.com\/fr\/wp-json\/wp\/v2\/pages\/1203\/revisions\/1207"}],"wp:attachment":[{"href":"https:\/\/lopezsoriano.com\/fr\/wp-json\/wp\/v2\/media?parent=1203"}],"curies":[{"name":"wp","href":"https:\/\/api.w.org\/{rel}","templated":true}]}}