{"id":2154,"date":"2021-05-13T20:23:41","date_gmt":"2021-05-13T18:23:41","guid":{"rendered":"https:\/\/lopezsoriano.com\/procedures-et-documents\/"},"modified":"2026-01-16T09:44:16","modified_gmt":"2026-01-16T08:44:16","slug":"procedures-et-documents","status":"publish","type":"page","link":"https:\/\/lopezsoriano.com\/fr\/fac\/procedures-et-documents\/","title":{"rendered":"Proc\u00e9dures et documents"},"content":{"rendered":"\n\t<section class=\"section\" id=\"section_679095352\">\n\t\t<div class=\"section-bg fill\" >\n\t\t\t\t\t\t\t\t\t\n\t\t\t\n\n\t\t<\/div>\n\n\t\t\n\n\t\t<div class=\"section-content relative\">\n\t\t\t\n\t\t<\/div>\n\n\t\t\n<style>\n#section_679095352 {\n  padding-top: 30px;\n  padding-bottom: 30px;\n}\n<\/style>\n\t<\/section>\n\t\n\n\t<section class=\"section has-mask mask-angled-right-large\" id=\"section_2096299922\">\n\t\t<div class=\"section-bg fill\" >\n\t\t\t<img loading=\"lazy\" decoding=\"async\" width=\"2000\" height=\"159\" src=\"https:\/\/lopezsoriano.com\/cms\/wp-content\/uploads\/BannerGLS.png\" class=\"bg attachment-original size-original\" alt=\"\" \/>\t\t\t\t\t\t\n\t\t\t\n\n\t\t<\/div>\n\n\t\t\n\n\t\t<div class=\"section-content relative\">\n\t\t\t\n  <div id=\"page-header-765818832\" class=\"page-header-wrapper\">\n  <div class=\"page-title dark featured-title has-parallax\">\n\n        <div class=\"page-title-bg\">\n      <div class=\"title-bg fill bg-fill\"\n        data-parallax-container=\".page-title\"\n        data-parallax-background\n        data-parallax=\"-1\">\n      <\/div>\n      <div class=\"title-overlay fill\"><\/div>\n    <\/div>\n    \n    <div class=\"page-title-inner container align-center text-center flex-row-col medium-flex-wrap\" >\n              <div class=\"title-wrapper uppercase is-xlarge flex-col\">\n          <h1 class=\"entry-title mb-0\">\n            Proc\u00e9dures et documents          <\/h1>\n        <\/div>\n                    <div class=\"title-content flex-col\">\n        <ul class=\"nav sm-touch-scroll nav-line nav-uppercase text-center nav-center\"><li class=\"nav-single-page hidden\"><\/li><\/ul>      <\/div>\n    <\/div>\n\n     \n<style>\n#page-header-765818832 .page-title-inner {\n  min-height: 157px;\n}\n#page-header-765818832 {\n  margin-bottom: 44px;\n}\n#page-header-765818832 .title-bg {\n  background-image: url(https:\/\/lopezsoriano.com\/cms\/wp-content\/uploads\/Tramites.jpg);\n  background-position: 49% 68%;\n}\n#page-header-765818832 .title-overlay {\n  background-color: rgba(0, 0, 0, 0.42);\n}\n#page-header-765818832 .featured-title {\n  background-color: rgb(15, 64, 117);\n}\n@media (min-width:550px) {\n  #page-header-765818832 .page-title-inner {\n    min-height: 176px;\n  }\n  #page-header-765818832 {\n    margin-bottom: 54px;\n  }\n}\n@media (min-width:850px) {\n  #page-header-765818832 .page-title-inner {\n    min-height: 200px;\n  }\n  #page-header-765818832 {\n    margin-bottom: 33px;\n  }\n}\n<\/style>\n  <\/div>\n    <\/div>\n  \n\t\t<\/div>\n\n\t\t\n<style>\n#section_2096299922 {\n  padding-top: 0px;\n  padding-bottom: 0px;\n  background-color: rgb(15, 64, 117);\n}\n#section_2096299922 .section-bg img {\n  object-position: 16% 65%;\n}\n<\/style>\n\t<\/section>\n\t\n\n\t<section class=\"section\" id=\"section_796521086\">\n\t\t<div class=\"section-bg fill\" >\n\t\t\t\t\t\t\t\t\t<div class=\"section-bg-overlay absolute fill\"><\/div>\n\t\t\t\n\n\t\t<\/div>\n\n\t\t\n\n\t\t<div class=\"section-content relative\">\n\t\t\t\n<div class=\"row row-large align-middle align-center\"  id=\"row-579118187\">\n\n\t<div id=\"col-592186211\" class=\"col medium-7 small-12 large-12\"  >\n\t\t\t\t<div class=\"col-inner text-left\"  >\n\t\t\t\n\t\t\t\n<p>En tant que centre de traitement des v\u00e9hicules (CAT) agr\u00e9\u00e9, nous vous aidons \u00e0 annuler l&rsquo;enregistrement de votre v\u00e9hicule. Vous pouvez t\u00e9l\u00e9charger les formulaires n\u00e9cessaires et nous nous occuperons de l&rsquo;ensemble du processus afin que vous n&rsquo;ayez \u00e0 vous soucier de rien.<\/p>\n<p>Toutes sortes d&rsquo;accidents de v\u00e9hicules: voitures, motos, camions, v\u00e9hicules agricoles &#8230;<\/p>\n<p>T\u00e9l\u00e9chargez le formulaire correspondant, envoyez-le nous et nous vous contacterons pour accepter son retrait et terminer le retrait.<\/p>\n<p><a href=\"https:\/\/lopezsoriano.com\/cms\/wp-content\/uploads\/Solicitud-de-Baja-INDUSTRIAS-LOPEZ-SORIANO-SL.pdf\" target=\"_blank\" rel=\"noopener\">SOLICITUD DE BAJA DEFINITIVA POR CAT <\/a><\/p>\n<p><a href=\"https:\/\/lopezsoriano.com\/cms\/wp-content\/uploads\/Documento-de-representacion-de-personas-juridicas.pdf\" target=\"_blank\" rel=\"noopener\">DOCUMENTO DE REPRESENTACI\u00d3N DE PERSONAS JUR\u00cdDICAS<\/a><\/p>\n<p><a href=\"https:\/\/lopezsoriano.com\/cms\/wp-content\/uploads\/CERTIFICADO-DESTRUCCION-O-TRATAMIENTO-MEDIOAMBIENTAL-ILSSA.pdf\" target=\"_blank\" rel=\"noopener\">CERTIFICADO DE DESTRUCCI\u00d3N \/ DE TRATAMIENTO MEDIOAMBIENTAL INDUSTRIAS LOPEZ SORIANO SL<\/a><\/p>\n<p><a href=\"https:\/\/lopezsoriano.com\/cms\/wp-content\/uploads\/Extravio-de-documentacion.pdf\" target=\"_blank\" rel=\"noopener\">EXTRAV\u00cdO DE DOCUMENTACI\u00d3N<\/a><\/p>\n<p><a href=\"https:\/\/lopezsoriano.com\/cms\/wp-content\/uploads\/Extravio-Ducumentacion-empresas.pdf\" target=\"_blank\" rel=\"noopener\">EXTRAVIO DOCUMENTACI\u00d3N (EMPRESAS)<\/a><\/p>\n<p><a href=\"https:\/\/lopezsoriano.com\/cms\/wp-content\/uploads\/DECLARACION-RESPONSABLE-TITULAR-FALLECIDO-TRAFICO.pdf\" target=\"_blank\" rel=\"noopener\">DECLARACION RESPONSABLE TITULAR FALLECIDO<\/a><\/p>\n<p><a href=\"https:\/\/lopezsoriano.com\/cms\/wp-content\/uploads\/2024-Documento-LOPD-para-dar-de-baja-veh-LOPEZ-SORIANO.pdf\" target=\"_blank\" rel=\"noopener\">PROTECCION DE DATOS<\/a><\/p>\n\t\t<\/div>\n\t\t\t\t\n<style>\n#col-592186211 > .col-inner {\n  padding: 10% 10% 10% 10%;\n}\n<\/style>\n\t<\/div>\n\n\t\n<\/div>\n\t\t<\/div>\n\n\t\t\n<style>\n#section_796521086 {\n  padding-top: 0px;\n  padding-bottom: 0px;\n  background-color: rgb(247, 247, 247);\n}\n#section_796521086 .section-bg-overlay {\n  background-color: rgba(255, 255, 255, 0.85);\n}\n<\/style>\n\t<\/section>\n\t\n","protected":false},"excerpt":{"rendered":"","protected":false},"author":1,"featured_media":0,"parent":2160,"menu_order":0,"comment_status":"closed","ping_status":"closed","template":"page-blank.php","meta":{"footnotes":""},"class_list":["post-2154","page","type-page","status-publish","hentry"],"yoast_head":"<!-- This site is optimized with the Yoast SEO plugin v27.3 - https:\/\/yoast.com\/product\/yoast-seo-wordpress\/ -->\n<title>Proc\u00e9dures et documents - L\u00f3pez Soriano<\/title>\n<meta name=\"robots\" content=\"index, follow, max-snippet:-1, max-image-preview:large, max-video-preview:-1\" \/>\n<link rel=\"canonical\" href=\"https:\/\/lopezsoriano.com\/fr\/fac\/procedures-et-documents\/\" \/>\n<meta property=\"og:locale\" content=\"fr_FR\" \/>\n<meta property=\"og:type\" content=\"article\" \/>\n<meta property=\"og:title\" content=\"Proc\u00e9dures et documents - L\u00f3pez Soriano\" \/>\n<meta property=\"og:url\" content=\"https:\/\/lopezsoriano.com\/fr\/fac\/procedures-et-documents\/\" \/>\n<meta property=\"og:site_name\" content=\"L\u00f3pez Soriano\" \/>\n<meta property=\"article:modified_time\" content=\"2026-01-16T08:44:16+00:00\" \/>\n<meta name=\"twitter:card\" content=\"summary_large_image\" \/>\n<meta name=\"twitter:label1\" content=\"Dur\u00e9e de lecture estim\u00e9e\" \/>\n\t<meta name=\"twitter:data1\" content=\"1 minute\" \/>\n<script type=\"application\/ld+json\" class=\"yoast-schema-graph\">{\"@context\":\"https:\\\/\\\/schema.org\",\"@graph\":[{\"@type\":\"WebPage\",\"@id\":\"https:\\\/\\\/lopezsoriano.com\\\/fr\\\/fac\\\/procedures-et-documents\\\/\",\"url\":\"https:\\\/\\\/lopezsoriano.com\\\/fr\\\/fac\\\/procedures-et-documents\\\/\",\"name\":\"Proc\u00e9dures et documents - L\u00f3pez Soriano\",\"isPartOf\":{\"@id\":\"https:\\\/\\\/lopezsoriano.com\\\/#website\"},\"datePublished\":\"2021-05-13T18:23:41+00:00\",\"dateModified\":\"2026-01-16T08:44:16+00:00\",\"breadcrumb\":{\"@id\":\"https:\\\/\\\/lopezsoriano.com\\\/fr\\\/fac\\\/procedures-et-documents\\\/#breadcrumb\"},\"inLanguage\":\"fr-FR\",\"potentialAction\":[{\"@type\":\"ReadAction\",\"target\":[\"https:\\\/\\\/lopezsoriano.com\\\/fr\\\/fac\\\/procedures-et-documents\\\/\"]}]},{\"@type\":\"BreadcrumbList\",\"@id\":\"https:\\\/\\\/lopezsoriano.com\\\/fr\\\/fac\\\/procedures-et-documents\\\/#breadcrumb\",\"itemListElement\":[{\"@type\":\"ListItem\",\"position\":1,\"name\":\"Portada\",\"item\":\"https:\\\/\\\/lopezsoriano.com\\\/fr\\\/\"},{\"@type\":\"ListItem\",\"position\":2,\"name\":\"Foire Aux Questions (FAQ)\",\"item\":\"https:\\\/\\\/lopezsoriano.com\\\/fr\\\/fac\\\/\"},{\"@type\":\"ListItem\",\"position\":3,\"name\":\"Proc\u00e9dures et documents\"}]},{\"@type\":\"WebSite\",\"@id\":\"https:\\\/\\\/lopezsoriano.com\\\/#website\",\"url\":\"https:\\\/\\\/lopezsoriano.com\\\/\",\"name\":\"L\u00f3pez Soriano\",\"description\":\"\",\"potentialAction\":[{\"@type\":\"SearchAction\",\"target\":{\"@type\":\"EntryPoint\",\"urlTemplate\":\"https:\\\/\\\/lopezsoriano.com\\\/?s={search_term_string}\"},\"query-input\":{\"@type\":\"PropertyValueSpecification\",\"valueRequired\":true,\"valueName\":\"search_term_string\"}}],\"inLanguage\":\"fr-FR\"}]}<\/script>\n<!-- \/ Yoast SEO plugin. -->","yoast_head_json":{"title":"Proc\u00e9dures et documents - L\u00f3pez Soriano","robots":{"index":"index","follow":"follow","max-snippet":"max-snippet:-1","max-image-preview":"max-image-preview:large","max-video-preview":"max-video-preview:-1"},"canonical":"https:\/\/lopezsoriano.com\/fr\/fac\/procedures-et-documents\/","og_locale":"fr_FR","og_type":"article","og_title":"Proc\u00e9dures et documents - L\u00f3pez Soriano","og_url":"https:\/\/lopezsoriano.com\/fr\/fac\/procedures-et-documents\/","og_site_name":"L\u00f3pez Soriano","article_modified_time":"2026-01-16T08:44:16+00:00","twitter_card":"summary_large_image","twitter_misc":{"Dur\u00e9e de lecture estim\u00e9e":"1 minute"},"schema":{"@context":"https:\/\/schema.org","@graph":[{"@type":"WebPage","@id":"https:\/\/lopezsoriano.com\/fr\/fac\/procedures-et-documents\/","url":"https:\/\/lopezsoriano.com\/fr\/fac\/procedures-et-documents\/","name":"Proc\u00e9dures et documents - L\u00f3pez Soriano","isPartOf":{"@id":"https:\/\/lopezsoriano.com\/#website"},"datePublished":"2021-05-13T18:23:41+00:00","dateModified":"2026-01-16T08:44:16+00:00","breadcrumb":{"@id":"https:\/\/lopezsoriano.com\/fr\/fac\/procedures-et-documents\/#breadcrumb"},"inLanguage":"fr-FR","potentialAction":[{"@type":"ReadAction","target":["https:\/\/lopezsoriano.com\/fr\/fac\/procedures-et-documents\/"]}]},{"@type":"BreadcrumbList","@id":"https:\/\/lopezsoriano.com\/fr\/fac\/procedures-et-documents\/#breadcrumb","itemListElement":[{"@type":"ListItem","position":1,"name":"Portada","item":"https:\/\/lopezsoriano.com\/fr\/"},{"@type":"ListItem","position":2,"name":"Foire Aux Questions (FAQ)","item":"https:\/\/lopezsoriano.com\/fr\/fac\/"},{"@type":"ListItem","position":3,"name":"Proc\u00e9dures et documents"}]},{"@type":"WebSite","@id":"https:\/\/lopezsoriano.com\/#website","url":"https:\/\/lopezsoriano.com\/","name":"L\u00f3pez Soriano","description":"","potentialAction":[{"@type":"SearchAction","target":{"@type":"EntryPoint","urlTemplate":"https:\/\/lopezsoriano.com\/?s={search_term_string}"},"query-input":{"@type":"PropertyValueSpecification","valueRequired":true,"valueName":"search_term_string"}}],"inLanguage":"fr-FR"}]}},"_links":{"self":[{"href":"https:\/\/lopezsoriano.com\/fr\/wp-json\/wp\/v2\/pages\/2154","targetHints":{"allow":["GET"]}}],"collection":[{"href":"https:\/\/lopezsoriano.com\/fr\/wp-json\/wp\/v2\/pages"}],"about":[{"href":"https:\/\/lopezsoriano.com\/fr\/wp-json\/wp\/v2\/types\/page"}],"author":[{"embeddable":true,"href":"https:\/\/lopezsoriano.com\/fr\/wp-json\/wp\/v2\/users\/1"}],"replies":[{"embeddable":true,"href":"https:\/\/lopezsoriano.com\/fr\/wp-json\/wp\/v2\/comments?post=2154"}],"version-history":[{"count":4,"href":"https:\/\/lopezsoriano.com\/fr\/wp-json\/wp\/v2\/pages\/2154\/revisions"}],"predecessor-version":[{"id":2600,"href":"https:\/\/lopezsoriano.com\/fr\/wp-json\/wp\/v2\/pages\/2154\/revisions\/2600"}],"up":[{"embeddable":true,"href":"https:\/\/lopezsoriano.com\/fr\/wp-json\/wp\/v2\/pages\/2160"}],"wp:attachment":[{"href":"https:\/\/lopezsoriano.com\/fr\/wp-json\/wp\/v2\/media?parent=2154"}],"curies":[{"name":"wp","href":"https:\/\/api.w.org\/{rel}","templated":true}]}}