{"id":2160,"date":"2021-05-13T20:31:31","date_gmt":"2021-05-13T18:31:31","guid":{"rendered":"https:\/\/lopezsoriano.com\/foire-aux-questions-faq\/"},"modified":"2021-05-13T20:34:23","modified_gmt":"2021-05-13T18:34:23","slug":"fac","status":"publish","type":"page","link":"https:\/\/lopezsoriano.com\/fr\/fac\/","title":{"rendered":"Foire Aux Questions (FAQ)"},"content":{"rendered":"\n\t<section class=\"section\" id=\"section_841702296\">\n\t\t<div class=\"section-bg fill\" >\n\t\t\t\t\t\t\t\t\t\n\t\t\t\n\n\t\t<\/div>\n\n\t\t\n\n\t\t<div class=\"section-content relative\">\n\t\t\t\n\t\t<\/div>\n\n\t\t\n<style>\n#section_841702296 {\n  padding-top: 30px;\n  padding-bottom: 30px;\n}\n<\/style>\n\t<\/section>\n\t\n\n\t<section class=\"section has-mask mask-angled-right-large\" id=\"section_2017942144\">\n\t\t<div class=\"section-bg fill\" >\n\t\t\t<img loading=\"lazy\" decoding=\"async\" width=\"2000\" height=\"159\" src=\"https:\/\/lopezsoriano.com\/cms\/wp-content\/uploads\/BannerGLS.png\" class=\"bg attachment-original size-original\" alt=\"\" \/>\t\t\t\t\t\t\n\t\t\t\n\n\t\t<\/div>\n\n\t\t\n\n\t\t<div class=\"section-content relative\">\n\t\t\t\n  <div id=\"page-header-1269360768\" class=\"page-header-wrapper\">\n  <div class=\"page-title dark featured-title has-parallax\">\n\n        <div class=\"page-title-bg\">\n      <div class=\"title-bg fill bg-fill\"\n        data-parallax-container=\".page-title\"\n        data-parallax-background\n        data-parallax=\"-1\">\n      <\/div>\n      <div class=\"title-overlay fill\"><\/div>\n    <\/div>\n    \n    <div class=\"page-title-inner container align-center text-center flex-row-col medium-flex-wrap\" >\n              <div class=\"title-wrapper uppercase is-xlarge flex-col\">\n          <h1 class=\"entry-title mb-0\">\n            Foire Aux Questions           <\/h1>\n        <\/div>\n                    <div class=\"title-content flex-col\">\n        <ul class=\"nav sm-touch-scroll nav-line nav-uppercase text-center nav-center\"><li class=\"nav-single-page hidden\"><\/li><\/ul>      <\/div>\n    <\/div>\n\n     \n<style>\n#page-header-1269360768 .page-title-inner {\n  min-height: 157px;\n}\n#page-header-1269360768 {\n  margin-bottom: 44px;\n}\n#page-header-1269360768 .title-bg {\n  background-image: url(https:\/\/lopezsoriano.com\/cms\/wp-content\/uploads\/FAQ.jpg);\n  background-position: 52% 51%;\n}\n#page-header-1269360768 .title-overlay {\n  background-color: rgba(0, 0, 0, 0.42);\n}\n#page-header-1269360768 .featured-title {\n  background-color: rgb(15, 64, 117);\n}\n@media (min-width:550px) {\n  #page-header-1269360768 .page-title-inner {\n    min-height: 176px;\n  }\n  #page-header-1269360768 {\n    margin-bottom: 54px;\n  }\n}\n@media (min-width:850px) {\n  #page-header-1269360768 .page-title-inner {\n    min-height: 200px;\n  }\n  #page-header-1269360768 {\n    margin-bottom: 33px;\n  }\n}\n<\/style>\n  <\/div>\n    <\/div>\n  \n\t\t<\/div>\n\n\t\t\n<style>\n#section_2017942144 {\n  padding-top: 0px;\n  padding-bottom: 0px;\n  background-color: rgb(15, 64, 117);\n}\n#section_2017942144 .section-bg img {\n  object-position: 16% 65%;\n}\n<\/style>\n\t<\/section>\n\t\n\n\t<section class=\"section\" id=\"section_1653819651\">\n\t\t<div class=\"section-bg fill\" >\n\t\t\t\t\t\t\t\t\t<div class=\"section-bg-overlay absolute fill\"><\/div>\n\t\t\t\n\n\t\t<\/div>\n\n\t\t\n\n\t\t<div class=\"section-content relative\">\n\t\t\t\n<div class=\"row row-large align-middle align-center\"  id=\"row-1740452655\">\n\n\t<div id=\"col-554969468\" class=\"col medium-7 small-12 large-12\"  >\n\t\t\t\t<div class=\"col-inner text-left\"  >\n\t\t\t\n\t\t\t\n<p> \u00c0 partir de l\u00e0, nous voulons r\u00e9soudre tous les doutes qui peuvent surgir concernant nos activit\u00e9s. Nous vous montrons ci-dessous une r\u00e9ponse aux pr\u00e9occupations les plus courantes. Si vous ne trouvez pas la solution, vous pouvez nous contacter \u00e0 <a href=\"mailto:ilssa@lopezsoriano.com\"> ilssa@lopezsoriano.com <\/a> <\/p>\n<div class=\"accordion\">\n\t<div id=\"accordion-1286421789\" class=\"accordion-item faq\">\n\t\t<a id=\"accordion-1286421789-label\" class=\"accordion-title plain\" href=\"#accordion-item-comment-trouver-une-pi\u00e8ce-de-rebut-pour-mon-v\u00e9hicule?\" aria-expanded=\"false\" aria-controls=\"accordion-1286421789-content\" >\n\t\t\t<button class=\"toggle\" aria-label=\"Basculer\"><i class=\"icon-angle-down\"><\/i><\/button>\n\t\t\t<span>Comment trouver une pi\u00e8ce de rebut pour mon v\u00e9hicule?<\/span>\n\t\t<\/a>\n\t\t<div id=\"accordion-1286421789-content\" class=\"accordion-inner\" aria-labelledby=\"accordion-1286421789-label\" >\n\t\t\t\n\t<div id=\"text-1256439464\" class=\"text respuesta\">\n\t\t\n<p>Vous pouvez vous rendre dans l&rsquo;un de nos quatre centres :<\/p>\n<ul>\n<li><strong>Industrias Lopez Soriano<\/strong>. Ctra. de Castell\u00f3n 58, km. 2,8,\u00a050013 Zaragoza (Espagne).<br \/>+34 976 415 200,\u00a0<a href=\"mailto:ilssa@lopezsoriano.com\">ilssa@lopezsoriano.com<\/a><\/li>\n<li><strong>Valorizaci\u00f3n del autom\u00f3vil Zaragoza<\/strong>.\u00a0Avda. Jos\u00e9 L\u00f3pez Soriano, 86,\u00a050720 La Cartuja Baja (Espagne).<br \/>+34 976 45 43 00,\u00a0<a href=\"mailto:valorizacion@lopezsoriano.com\">valorizacion@lopezsoriano.com<\/a>, <a href=\"https:\/\/ventapiezasusadas.com\" target=\"_blank\" rel=\"noopener\">ventapiezasusadas.com<\/a><\/li>\n<li><strong>Valorizaci\u00f3n del autom\u00f3vil Teruel.\u00a0<\/strong>Pol\u00edgono Industrial La Paz, S\/N Bajo\u00a0(Parcela 194), 44195, Teruel\u00a0(Espagne).<br \/>+34 978 60 70 89,\u00a0<a href=\"mailto:valorizacionct@lopezsoriano.com\">valorizacionct@lopezsoriano.com<\/a>,\u00a0<a href=\"https:\/\/ventapiezasusadas.com\" target=\"_blank\" rel=\"noopener\">ventapiezasusadas.com<\/a><\/li>\n<li><strong>Valorizaci\u00f3n del autom\u00f3vil Binefar,\u00a0<\/strong>Pda. Alcort, s\/n,\u00a022500 Bin\u00e9far \u2013 Huesca (Espagne)<br \/>+34 974 43 01 77,\u00a0<a href=\"mailto:pedidosbinefar@lopezsoriano.com\">pedidosbinefar@lopezsoriano.com<\/a>,\u00a0<a href=\"https:\/\/ventapiezasusadas.com\" target=\"_blank\" rel=\"noopener\">ventapiezasusadas.com<\/a><\/li>\n<\/ul>\n\t\t\t<\/div>\n\t\n<div class=\"row\"  id=\"row-2113620008\">\n\n\t<div id=\"col-2054326009\" class=\"col small-12 large-12\"  >\n\t\t\t\t<div class=\"col-inner text-center\"  >\n\t\t\t\n\t\t\t\n<a href=\"\/fr\/societes-du-groupe\/valorizacion-del-automovil\/\" class=\"button primary is-outline\"  >\n\t\t<span>Plus d'informations<\/span>\n\t<\/a>\n\n\t\t<\/div>\n\t\t\t\t\t<\/div>\n\n\t\n<\/div>\n\t\t<\/div>\n\t<\/div>\n\t\n\t<div id=\"accordion-3971018189\" class=\"accordion-item faq\">\n\t\t<a id=\"accordion-3971018189-label\" class=\"accordion-title plain\" href=\"#accordion-item-comment-puis-je-annuler-l&#039;enregistrement-de-mon-v\u00e9hicule?\" aria-expanded=\"false\" aria-controls=\"accordion-3971018189-content\" >\n\t\t\t<button class=\"toggle\" aria-label=\"Basculer\"><i class=\"icon-angle-down\"><\/i><\/button>\n\t\t\t<span>Comment puis-je annuler l'enregistrement de mon v\u00e9hicule?<\/span>\n\t\t<\/a>\n\t\t<div id=\"accordion-3971018189-content\" class=\"accordion-inner\" aria-labelledby=\"accordion-3971018189-label\" >\n\t\t\t\n\t<div id=\"text-1618240205\" class=\"text respuesta\">\n\t\t\n<p> Nous sommes un centre de traitement autoris\u00e9 (C.A.T.) des v\u00e9hicules en fin de vie utile (VFU) <\/p>\n<p> Une fois le v\u00e9hicule re\u00e7u dans nos installations, nous proc\u00e9derons au traitement de l&rsquo;annulation d\u00e9finitive du v\u00e9hicule \u00e0 la DGT et par la suite, le v\u00e9hicule sera d\u00e9contamin\u00e9 de tous les d\u00e9chets dangereux, conform\u00e9ment \u00e0 la r\u00e9glementation en vigueur. <\/p>\n<p> Pour plus d&rsquo;informations et t\u00e9l\u00e9charger les documents n\u00e9cessaires, <a href=\"\/fr\/fac\/tramites-y-documentos\/\" rel=\"noopener\"> visitez ce lien. <\/a> <\/p>\n\t\t\t<\/div>\n\t\n\t\t<\/div>\n\t<\/div>\n\t\n<\/div>\n\t\t<\/div>\n\t\t\t\t\n<style>\n#col-554969468 > .col-inner {\n  padding: 10% 10% 10% 10%;\n}\n<\/style>\n\t<\/div>\n\n\t\n<\/div>\n\t\t<\/div>\n\n\t\t\n<style>\n#section_1653819651 {\n  padding-top: 0px;\n  padding-bottom: 0px;\n  background-color: rgb(247, 247, 247);\n}\n#section_1653819651 .section-bg-overlay {\n  background-color: rgba(255, 255, 255, 0.85);\n}\n<\/style>\n\t<\/section>\n\t\n","protected":false},"excerpt":{"rendered":"","protected":false},"author":1,"featured_media":0,"parent":0,"menu_order":800,"comment_status":"closed","ping_status":"closed","template":"page-blank.php","meta":{"footnotes":""},"class_list":["post-2160","page","type-page","status-publish","hentry"],"yoast_head":"<!-- This site is optimized with the Yoast SEO plugin v27.4 - https:\/\/yoast.com\/product\/yoast-seo-wordpress\/ -->\n<title>Foire Aux Questions (FAQ) - L\u00f3pez Soriano<\/title>\n<meta name=\"robots\" content=\"index, follow, max-snippet:-1, max-image-preview:large, max-video-preview:-1\" \/>\n<link rel=\"canonical\" href=\"https:\/\/lopezsoriano.com\/fr\/fac\/\" \/>\n<meta property=\"og:locale\" content=\"fr_FR\" \/>\n<meta property=\"og:type\" content=\"article\" \/>\n<meta property=\"og:title\" content=\"Foire Aux Questions (FAQ) - L\u00f3pez Soriano\" \/>\n<meta property=\"og:url\" content=\"https:\/\/lopezsoriano.com\/fr\/fac\/\" \/>\n<meta property=\"og:site_name\" content=\"L\u00f3pez Soriano\" \/>\n<meta property=\"article:modified_time\" content=\"2021-05-13T18:34:23+00:00\" \/>\n<meta name=\"twitter:card\" content=\"summary_large_image\" \/>\n<meta name=\"twitter:label1\" content=\"Dur\u00e9e de lecture estim\u00e9e\" \/>\n\t<meta name=\"twitter:data1\" content=\"2 minutes\" \/>\n<script type=\"application\/ld+json\" class=\"yoast-schema-graph\">{\"@context\":\"https:\\\/\\\/schema.org\",\"@graph\":[{\"@type\":\"WebPage\",\"@id\":\"https:\\\/\\\/lopezsoriano.com\\\/fr\\\/fac\\\/\",\"url\":\"https:\\\/\\\/lopezsoriano.com\\\/fr\\\/fac\\\/\",\"name\":\"Foire Aux Questions (FAQ) - L\u00f3pez Soriano\",\"isPartOf\":{\"@id\":\"https:\\\/\\\/lopezsoriano.com\\\/#website\"},\"datePublished\":\"2021-05-13T18:31:31+00:00\",\"dateModified\":\"2021-05-13T18:34:23+00:00\",\"breadcrumb\":{\"@id\":\"https:\\\/\\\/lopezsoriano.com\\\/fr\\\/fac\\\/#breadcrumb\"},\"inLanguage\":\"fr-FR\",\"potentialAction\":[{\"@type\":\"ReadAction\",\"target\":[\"https:\\\/\\\/lopezsoriano.com\\\/fr\\\/fac\\\/\"]}]},{\"@type\":\"BreadcrumbList\",\"@id\":\"https:\\\/\\\/lopezsoriano.com\\\/fr\\\/fac\\\/#breadcrumb\",\"itemListElement\":[{\"@type\":\"ListItem\",\"position\":1,\"name\":\"Portada\",\"item\":\"https:\\\/\\\/lopezsoriano.com\\\/fr\\\/\"},{\"@type\":\"ListItem\",\"position\":2,\"name\":\"Foire Aux Questions (FAQ)\"}]},{\"@type\":\"WebSite\",\"@id\":\"https:\\\/\\\/lopezsoriano.com\\\/#website\",\"url\":\"https:\\\/\\\/lopezsoriano.com\\\/\",\"name\":\"L\u00f3pez Soriano\",\"description\":\"\",\"potentialAction\":[{\"@type\":\"SearchAction\",\"target\":{\"@type\":\"EntryPoint\",\"urlTemplate\":\"https:\\\/\\\/lopezsoriano.com\\\/?s={search_term_string}\"},\"query-input\":{\"@type\":\"PropertyValueSpecification\",\"valueRequired\":true,\"valueName\":\"search_term_string\"}}],\"inLanguage\":\"fr-FR\"}]}<\/script>\n<!-- \/ Yoast SEO plugin. -->","yoast_head_json":{"title":"Foire Aux Questions (FAQ) - L\u00f3pez Soriano","robots":{"index":"index","follow":"follow","max-snippet":"max-snippet:-1","max-image-preview":"max-image-preview:large","max-video-preview":"max-video-preview:-1"},"canonical":"https:\/\/lopezsoriano.com\/fr\/fac\/","og_locale":"fr_FR","og_type":"article","og_title":"Foire Aux Questions (FAQ) - L\u00f3pez Soriano","og_url":"https:\/\/lopezsoriano.com\/fr\/fac\/","og_site_name":"L\u00f3pez Soriano","article_modified_time":"2021-05-13T18:34:23+00:00","twitter_card":"summary_large_image","twitter_misc":{"Dur\u00e9e de lecture estim\u00e9e":"2 minutes"},"schema":{"@context":"https:\/\/schema.org","@graph":[{"@type":"WebPage","@id":"https:\/\/lopezsoriano.com\/fr\/fac\/","url":"https:\/\/lopezsoriano.com\/fr\/fac\/","name":"Foire Aux Questions (FAQ) - L\u00f3pez Soriano","isPartOf":{"@id":"https:\/\/lopezsoriano.com\/#website"},"datePublished":"2021-05-13T18:31:31+00:00","dateModified":"2021-05-13T18:34:23+00:00","breadcrumb":{"@id":"https:\/\/lopezsoriano.com\/fr\/fac\/#breadcrumb"},"inLanguage":"fr-FR","potentialAction":[{"@type":"ReadAction","target":["https:\/\/lopezsoriano.com\/fr\/fac\/"]}]},{"@type":"BreadcrumbList","@id":"https:\/\/lopezsoriano.com\/fr\/fac\/#breadcrumb","itemListElement":[{"@type":"ListItem","position":1,"name":"Portada","item":"https:\/\/lopezsoriano.com\/fr\/"},{"@type":"ListItem","position":2,"name":"Foire Aux Questions (FAQ)"}]},{"@type":"WebSite","@id":"https:\/\/lopezsoriano.com\/#website","url":"https:\/\/lopezsoriano.com\/","name":"L\u00f3pez Soriano","description":"","potentialAction":[{"@type":"SearchAction","target":{"@type":"EntryPoint","urlTemplate":"https:\/\/lopezsoriano.com\/?s={search_term_string}"},"query-input":{"@type":"PropertyValueSpecification","valueRequired":true,"valueName":"search_term_string"}}],"inLanguage":"fr-FR"}]}},"_links":{"self":[{"href":"https:\/\/lopezsoriano.com\/fr\/wp-json\/wp\/v2\/pages\/2160","targetHints":{"allow":["GET"]}}],"collection":[{"href":"https:\/\/lopezsoriano.com\/fr\/wp-json\/wp\/v2\/pages"}],"about":[{"href":"https:\/\/lopezsoriano.com\/fr\/wp-json\/wp\/v2\/types\/page"}],"author":[{"embeddable":true,"href":"https:\/\/lopezsoriano.com\/fr\/wp-json\/wp\/v2\/users\/1"}],"replies":[{"embeddable":true,"href":"https:\/\/lopezsoriano.com\/fr\/wp-json\/wp\/v2\/comments?post=2160"}],"version-history":[{"count":7,"href":"https:\/\/lopezsoriano.com\/fr\/wp-json\/wp\/v2\/pages\/2160\/revisions"}],"predecessor-version":[{"id":2168,"href":"https:\/\/lopezsoriano.com\/fr\/wp-json\/wp\/v2\/pages\/2160\/revisions\/2168"}],"wp:attachment":[{"href":"https:\/\/lopezsoriano.com\/fr\/wp-json\/wp\/v2\/media?parent=2160"}],"curies":[{"name":"wp","href":"https:\/\/api.w.org\/{rel}","templated":true}]}}